{"id":17,"date":"2017-02-03T08:25:54","date_gmt":"2017-02-03T08:25:54","guid":{"rendered":"http:\/\/themes.muffingroup.com\/betheme\/?page_id=15"},"modified":"2025-06-26T19:23:21","modified_gmt":"2025-06-26T16:23:21","slug":"iletisim","status":"publish","type":"page","link":"https:\/\/www.dofaendustri.com\/en\/iletisim\/","title":{"rendered":"\u0130leti\u015fim"},"content":{"rendered":"","protected":false},"excerpt":{"rendered":"","protected":false},"author":1,"featured_media":0,"parent":0,"menu_order":0,"comment_status":"closed","ping_status":"closed","template":"","meta":[],"yoast_head":"<!-- This site is optimized with the Yoast SEO plugin v19.1 - https:\/\/yoast.com\/wordpress\/plugins\/seo\/ -->\n<title>\u0130leti\u015fim &bull; Dofa Metal Kimya End\u00fcstri<\/title>\n<meta name=\"description\" content=\"Dofa Metal Kimya Endustri Sanayi ve Tic. Ltd. \u015eti Bah\u00e7ecik Mevkii K\u00f6y Sk, No:1 05300 Merzifon, Amasya \/ T\u00dcRK\u0130YE adrewsinde bulunmaktad\u0131r.\" \/>\n<meta name=\"robots\" content=\"index, follow, max-snippet:-1, max-image-preview:large, max-video-preview:-1\" \/>\n<link rel=\"canonical\" href=\"https:\/\/www.dofaendustri.com\/en\/iletisim\/\" \/>\n<meta property=\"og:locale\" content=\"en_US\" \/>\n<meta property=\"og:type\" content=\"article\" \/>\n<meta property=\"og:title\" content=\"\u0130leti\u015fim &bull; Dofa Metal Kimya End\u00fcstri\" \/>\n<meta property=\"og:description\" content=\"Dofa Metal Kimya Endustri Sanayi ve Tic. Ltd. \u015eti Bah\u00e7ecik Mevkii K\u00f6y Sk, No:1 05300 Merzifon, Amasya \/ T\u00dcRK\u0130YE adrewsinde bulunmaktad\u0131r.\" \/>\n<meta property=\"og:url\" content=\"https:\/\/www.dofaendustri.com\/en\/iletisim\/\" \/>\n<meta property=\"og:site_name\" content=\"Dofa Metal Kimya End\u00fcstri\" \/>\n<meta property=\"article:modified_time\" content=\"2025-06-26T16:23:21+00:00\" \/>\n<meta name=\"twitter:card\" content=\"summary_large_image\" \/>\n<script type=\"application\/ld+json\" class=\"yoast-schema-graph\">{\"@context\":\"https:\/\/schema.org\",\"@graph\":[{\"@type\":\"Organization\",\"@id\":\"https:\/\/www.dofaendustri.com\/#organization\",\"name\":\"Dofa Metal Kimya End\u00fcstri Sanayi ve Tic. Ltd. \u015eti.\",\"url\":\"https:\/\/www.dofaendustri.com\/\",\"sameAs\":[],\"logo\":{\"@type\":\"ImageObject\",\"inLanguage\":\"en-US\",\"@id\":\"https:\/\/www.dofaendustri.com\/#\/schema\/logo\/image\/\",\"url\":\"https:\/\/www.dofaendustri.com\/wp-content\/uploads\/2022\/05\/dofaBig.png\",\"contentUrl\":\"https:\/\/www.dofaendustri.com\/wp-content\/uploads\/2022\/05\/dofaBig.png\",\"width\":2320,\"height\":842,\"caption\":\"Dofa Metal Kimya End\u00fcstri Sanayi ve Tic. Ltd. \u015eti.\"},\"image\":{\"@id\":\"https:\/\/www.dofaendustri.com\/#\/schema\/logo\/image\/\"}},{\"@type\":\"WebSite\",\"@id\":\"https:\/\/www.dofaendustri.com\/#website\",\"url\":\"https:\/\/www.dofaendustri.com\/\",\"name\":\"Dofa Metal Kimya End\u00fcstri\",\"description\":\"\",\"publisher\":{\"@id\":\"https:\/\/www.dofaendustri.com\/#organization\"},\"potentialAction\":[{\"@type\":\"SearchAction\",\"target\":{\"@type\":\"EntryPoint\",\"urlTemplate\":\"https:\/\/www.dofaendustri.com\/?s={search_term_string}\"},\"query-input\":\"required name=search_term_string\"}],\"inLanguage\":\"en-US\"},{\"@type\":\"WebPage\",\"@id\":\"https:\/\/www.dofaendustri.com\/iletisim\/#webpage\",\"url\":\"https:\/\/www.dofaendustri.com\/iletisim\/\",\"name\":\"\u0130leti\u015fim &bull; Dofa Metal Kimya End\u00fcstri\",\"isPartOf\":{\"@id\":\"https:\/\/www.dofaendustri.com\/#website\"},\"datePublished\":\"2017-02-03T08:25:54+00:00\",\"dateModified\":\"2025-06-26T16:23:21+00:00\",\"description\":\"Dofa Metal Kimya Endustri Sanayi ve Tic. Ltd. \u015eti Bah\u00e7ecik Mevkii K\u00f6y Sk, No:1 05300 Merzifon, Amasya \/ T\u00dcRK\u0130YE adrewsinde bulunmaktad\u0131r.\",\"breadcrumb\":{\"@id\":\"https:\/\/www.dofaendustri.com\/iletisim\/#breadcrumb\"},\"inLanguage\":\"en-US\",\"potentialAction\":[{\"@type\":\"ReadAction\",\"target\":[\"https:\/\/www.dofaendustri.com\/iletisim\/\"]}]},{\"@type\":\"BreadcrumbList\",\"@id\":\"https:\/\/www.dofaendustri.com\/iletisim\/#breadcrumb\",\"itemListElement\":[{\"@type\":\"ListItem\",\"position\":1,\"name\":\"Anasayfa\",\"item\":\"https:\/\/www.dofaendustri.com\/\"},{\"@type\":\"ListItem\",\"position\":2,\"name\":\"\u0130leti\u015fim\"}]}]}<\/script>\n<!-- \/ Yoast SEO plugin. -->","yoast_head_json":{"title":"\u0130leti\u015fim &bull; Dofa Metal Kimya End\u00fcstri","description":"Dofa Metal Kimya Endustri Sanayi ve Tic. Ltd. \u015eti Bah\u00e7ecik Mevkii K\u00f6y Sk, No:1 05300 Merzifon, Amasya \/ T\u00dcRK\u0130YE adrewsinde bulunmaktad\u0131r.","robots":{"index":"index","follow":"follow","max-snippet":"max-snippet:-1","max-image-preview":"max-image-preview:large","max-video-preview":"max-video-preview:-1"},"canonical":"https:\/\/www.dofaendustri.com\/en\/iletisim\/","og_locale":"en_US","og_type":"article","og_title":"\u0130leti\u015fim &bull; Dofa Metal Kimya End\u00fcstri","og_description":"Dofa Metal Kimya Endustri Sanayi ve Tic. Ltd. \u015eti Bah\u00e7ecik Mevkii K\u00f6y Sk, No:1 05300 Merzifon, Amasya \/ T\u00dcRK\u0130YE adrewsinde bulunmaktad\u0131r.","og_url":"https:\/\/www.dofaendustri.com\/en\/iletisim\/","og_site_name":"Dofa Metal Kimya End\u00fcstri","article_modified_time":"2025-06-26T16:23:21+00:00","twitter_card":"summary_large_image","schema":{"@context":"https:\/\/schema.org","@graph":[{"@type":"Organization","@id":"https:\/\/www.dofaendustri.com\/#organization","name":"Dofa Metal Kimya End\u00fcstri Sanayi ve Tic. Ltd. \u015eti.","url":"https:\/\/www.dofaendustri.com\/","sameAs":[],"logo":{"@type":"ImageObject","inLanguage":"en-US","@id":"https:\/\/www.dofaendustri.com\/#\/schema\/logo\/image\/","url":"https:\/\/www.dofaendustri.com\/wp-content\/uploads\/2022\/05\/dofaBig.png","contentUrl":"https:\/\/www.dofaendustri.com\/wp-content\/uploads\/2022\/05\/dofaBig.png","width":2320,"height":842,"caption":"Dofa Metal Kimya End\u00fcstri Sanayi ve Tic. Ltd. \u015eti."},"image":{"@id":"https:\/\/www.dofaendustri.com\/#\/schema\/logo\/image\/"}},{"@type":"WebSite","@id":"https:\/\/www.dofaendustri.com\/#website","url":"https:\/\/www.dofaendustri.com\/","name":"Dofa Metal Kimya End\u00fcstri","description":"","publisher":{"@id":"https:\/\/www.dofaendustri.com\/#organization"},"potentialAction":[{"@type":"SearchAction","target":{"@type":"EntryPoint","urlTemplate":"https:\/\/www.dofaendustri.com\/?s={search_term_string}"},"query-input":"required name=search_term_string"}],"inLanguage":"en-US"},{"@type":"WebPage","@id":"https:\/\/www.dofaendustri.com\/iletisim\/#webpage","url":"https:\/\/www.dofaendustri.com\/iletisim\/","name":"\u0130leti\u015fim &bull; Dofa Metal Kimya End\u00fcstri","isPartOf":{"@id":"https:\/\/www.dofaendustri.com\/#website"},"datePublished":"2017-02-03T08:25:54+00:00","dateModified":"2025-06-26T16:23:21+00:00","description":"Dofa Metal Kimya Endustri Sanayi ve Tic. Ltd. \u015eti Bah\u00e7ecik Mevkii K\u00f6y Sk, No:1 05300 Merzifon, Amasya \/ T\u00dcRK\u0130YE adrewsinde bulunmaktad\u0131r.","breadcrumb":{"@id":"https:\/\/www.dofaendustri.com\/iletisim\/#breadcrumb"},"inLanguage":"en-US","potentialAction":[{"@type":"ReadAction","target":["https:\/\/www.dofaendustri.com\/iletisim\/"]}]},{"@type":"BreadcrumbList","@id":"https:\/\/www.dofaendustri.com\/iletisim\/#breadcrumb","itemListElement":[{"@type":"ListItem","position":1,"name":"Anasayfa","item":"https:\/\/www.dofaendustri.com\/"},{"@type":"ListItem","position":2,"name":"\u0130leti\u015fim"}]}]}},"_links":{"self":[{"href":"https:\/\/www.dofaendustri.com\/en\/wp-json\/wp\/v2\/pages\/17"}],"collection":[{"href":"https:\/\/www.dofaendustri.com\/en\/wp-json\/wp\/v2\/pages"}],"about":[{"href":"https:\/\/www.dofaendustri.com\/en\/wp-json\/wp\/v2\/types\/page"}],"author":[{"embeddable":true,"href":"https:\/\/www.dofaendustri.com\/en\/wp-json\/wp\/v2\/users\/1"}],"replies":[{"embeddable":true,"href":"https:\/\/www.dofaendustri.com\/en\/wp-json\/wp\/v2\/comments?post=17"}],"version-history":[{"count":1,"href":"https:\/\/www.dofaendustri.com\/en\/wp-json\/wp\/v2\/pages\/17\/revisions"}],"predecessor-version":[{"id":96,"href":"https:\/\/www.dofaendustri.com\/en\/wp-json\/wp\/v2\/pages\/17\/revisions\/96"}],"wp:attachment":[{"href":"https:\/\/www.dofaendustri.com\/en\/wp-json\/wp\/v2\/media?parent=17"}],"curies":[{"name":"wp","href":"https:\/\/api.w.org\/{rel}","templated":true}]}}