{"id":198,"date":"2022-06-01T19:00:20","date_gmt":"2022-06-01T19:00:20","guid":{"rendered":"https:\/\/dofaendustri.com\/?page_id=198"},"modified":"2022-07-10T10:54:03","modified_gmt":"2022-07-10T07:54:03","slug":"kariyer","status":"publish","type":"page","link":"https:\/\/www.dofaendustri.com\/en\/kariyer\/","title":{"rendered":"Kariyer"},"content":{"rendered":"","protected":false},"excerpt":{"rendered":"","protected":false},"author":1,"featured_media":0,"parent":0,"menu_order":0,"comment_status":"closed","ping_status":"closed","template":"","meta":[],"yoast_head":"<!-- This site is optimized with the Yoast SEO plugin v19.1 - https:\/\/yoast.com\/wordpress\/plugins\/seo\/ -->\n<title>Kariyer &bull; Dofa Metal Kimya End\u00fcstri<\/title>\n<meta name=\"description\" content=\"Dofa Endustri Kariyer, hedef ve ilkelerinden yola \u00e7\u0131karak, do\u011fru pozisyona do\u011fru adaylar\u0131 yerle\u015ftirebilmek \u00e7al\u0131\u015fmalar s\u00fcrd\u00fcrmektedir.\" \/>\n<meta name=\"robots\" content=\"index, follow, max-snippet:-1, max-image-preview:large, max-video-preview:-1\" \/>\n<link rel=\"canonical\" href=\"https:\/\/www.dofaendustri.com\/en\/kariyer\/\" \/>\n<meta property=\"og:locale\" content=\"en_US\" \/>\n<meta property=\"og:type\" content=\"article\" \/>\n<meta property=\"og:title\" content=\"Kariyer &bull; Dofa Metal Kimya End\u00fcstri\" \/>\n<meta property=\"og:description\" content=\"Dofa Endustri Kariyer, hedef ve ilkelerinden yola \u00e7\u0131karak, do\u011fru pozisyona do\u011fru adaylar\u0131 yerle\u015ftirebilmek \u00e7al\u0131\u015fmalar s\u00fcrd\u00fcrmektedir.\" \/>\n<meta property=\"og:url\" content=\"https:\/\/www.dofaendustri.com\/en\/kariyer\/\" \/>\n<meta property=\"og:site_name\" content=\"Dofa Metal Kimya End\u00fcstri\" \/>\n<meta property=\"article:modified_time\" content=\"2022-07-10T07:54:03+00:00\" \/>\n<meta name=\"twitter:card\" content=\"summary_large_image\" \/>\n<script type=\"application\/ld+json\" class=\"yoast-schema-graph\">{\"@context\":\"https:\/\/schema.org\",\"@graph\":[{\"@type\":\"Organization\",\"@id\":\"https:\/\/www.dofaendustri.com\/#organization\",\"name\":\"Dofa Metal Kimya End\u00fcstri Sanayi ve Tic. Ltd. \u015eti.\",\"url\":\"https:\/\/www.dofaendustri.com\/\",\"sameAs\":[],\"logo\":{\"@type\":\"ImageObject\",\"inLanguage\":\"en-US\",\"@id\":\"https:\/\/www.dofaendustri.com\/#\/schema\/logo\/image\/\",\"url\":\"https:\/\/www.dofaendustri.com\/wp-content\/uploads\/2022\/05\/dofaBig.png\",\"contentUrl\":\"https:\/\/www.dofaendustri.com\/wp-content\/uploads\/2022\/05\/dofaBig.png\",\"width\":2320,\"height\":842,\"caption\":\"Dofa Metal Kimya End\u00fcstri Sanayi ve Tic. Ltd. \u015eti.\"},\"image\":{\"@id\":\"https:\/\/www.dofaendustri.com\/#\/schema\/logo\/image\/\"}},{\"@type\":\"WebSite\",\"@id\":\"https:\/\/www.dofaendustri.com\/#website\",\"url\":\"https:\/\/www.dofaendustri.com\/\",\"name\":\"Dofa Metal Kimya End\u00fcstri\",\"description\":\"\",\"publisher\":{\"@id\":\"https:\/\/www.dofaendustri.com\/#organization\"},\"potentialAction\":[{\"@type\":\"SearchAction\",\"target\":{\"@type\":\"EntryPoint\",\"urlTemplate\":\"https:\/\/www.dofaendustri.com\/?s={search_term_string}\"},\"query-input\":\"required name=search_term_string\"}],\"inLanguage\":\"en-US\"},{\"@type\":\"WebPage\",\"@id\":\"https:\/\/www.dofaendustri.com\/kariyer\/#webpage\",\"url\":\"https:\/\/www.dofaendustri.com\/kariyer\/\",\"name\":\"Kariyer &bull; Dofa Metal Kimya End\u00fcstri\",\"isPartOf\":{\"@id\":\"https:\/\/www.dofaendustri.com\/#website\"},\"datePublished\":\"2022-06-01T19:00:20+00:00\",\"dateModified\":\"2022-07-10T07:54:03+00:00\",\"description\":\"Dofa Endustri Kariyer, hedef ve ilkelerinden yola \u00e7\u0131karak, do\u011fru pozisyona do\u011fru adaylar\u0131 yerle\u015ftirebilmek \u00e7al\u0131\u015fmalar s\u00fcrd\u00fcrmektedir.\",\"breadcrumb\":{\"@id\":\"https:\/\/www.dofaendustri.com\/kariyer\/#breadcrumb\"},\"inLanguage\":\"en-US\",\"potentialAction\":[{\"@type\":\"ReadAction\",\"target\":[\"https:\/\/www.dofaendustri.com\/kariyer\/\"]}]},{\"@type\":\"BreadcrumbList\",\"@id\":\"https:\/\/www.dofaendustri.com\/kariyer\/#breadcrumb\",\"itemListElement\":[{\"@type\":\"ListItem\",\"position\":1,\"name\":\"Anasayfa\",\"item\":\"https:\/\/www.dofaendustri.com\/\"},{\"@type\":\"ListItem\",\"position\":2,\"name\":\"Kariyer\"}]}]}<\/script>\n<!-- \/ Yoast SEO plugin. -->","yoast_head_json":{"title":"Kariyer &bull; Dofa Metal Kimya End\u00fcstri","description":"Dofa Endustri Kariyer, hedef ve ilkelerinden yola \u00e7\u0131karak, do\u011fru pozisyona do\u011fru adaylar\u0131 yerle\u015ftirebilmek \u00e7al\u0131\u015fmalar s\u00fcrd\u00fcrmektedir.","robots":{"index":"index","follow":"follow","max-snippet":"max-snippet:-1","max-image-preview":"max-image-preview:large","max-video-preview":"max-video-preview:-1"},"canonical":"https:\/\/www.dofaendustri.com\/en\/kariyer\/","og_locale":"en_US","og_type":"article","og_title":"Kariyer &bull; Dofa Metal Kimya End\u00fcstri","og_description":"Dofa Endustri Kariyer, hedef ve ilkelerinden yola \u00e7\u0131karak, do\u011fru pozisyona do\u011fru adaylar\u0131 yerle\u015ftirebilmek \u00e7al\u0131\u015fmalar s\u00fcrd\u00fcrmektedir.","og_url":"https:\/\/www.dofaendustri.com\/en\/kariyer\/","og_site_name":"Dofa Metal Kimya End\u00fcstri","article_modified_time":"2022-07-10T07:54:03+00:00","twitter_card":"summary_large_image","schema":{"@context":"https:\/\/schema.org","@graph":[{"@type":"Organization","@id":"https:\/\/www.dofaendustri.com\/#organization","name":"Dofa Metal Kimya End\u00fcstri Sanayi ve Tic. Ltd. \u015eti.","url":"https:\/\/www.dofaendustri.com\/","sameAs":[],"logo":{"@type":"ImageObject","inLanguage":"en-US","@id":"https:\/\/www.dofaendustri.com\/#\/schema\/logo\/image\/","url":"https:\/\/www.dofaendustri.com\/wp-content\/uploads\/2022\/05\/dofaBig.png","contentUrl":"https:\/\/www.dofaendustri.com\/wp-content\/uploads\/2022\/05\/dofaBig.png","width":2320,"height":842,"caption":"Dofa Metal Kimya End\u00fcstri Sanayi ve Tic. Ltd. \u015eti."},"image":{"@id":"https:\/\/www.dofaendustri.com\/#\/schema\/logo\/image\/"}},{"@type":"WebSite","@id":"https:\/\/www.dofaendustri.com\/#website","url":"https:\/\/www.dofaendustri.com\/","name":"Dofa Metal Kimya End\u00fcstri","description":"","publisher":{"@id":"https:\/\/www.dofaendustri.com\/#organization"},"potentialAction":[{"@type":"SearchAction","target":{"@type":"EntryPoint","urlTemplate":"https:\/\/www.dofaendustri.com\/?s={search_term_string}"},"query-input":"required name=search_term_string"}],"inLanguage":"en-US"},{"@type":"WebPage","@id":"https:\/\/www.dofaendustri.com\/kariyer\/#webpage","url":"https:\/\/www.dofaendustri.com\/kariyer\/","name":"Kariyer &bull; Dofa Metal Kimya End\u00fcstri","isPartOf":{"@id":"https:\/\/www.dofaendustri.com\/#website"},"datePublished":"2022-06-01T19:00:20+00:00","dateModified":"2022-07-10T07:54:03+00:00","description":"Dofa Endustri Kariyer, hedef ve ilkelerinden yola \u00e7\u0131karak, do\u011fru pozisyona do\u011fru adaylar\u0131 yerle\u015ftirebilmek \u00e7al\u0131\u015fmalar s\u00fcrd\u00fcrmektedir.","breadcrumb":{"@id":"https:\/\/www.dofaendustri.com\/kariyer\/#breadcrumb"},"inLanguage":"en-US","potentialAction":[{"@type":"ReadAction","target":["https:\/\/www.dofaendustri.com\/kariyer\/"]}]},{"@type":"BreadcrumbList","@id":"https:\/\/www.dofaendustri.com\/kariyer\/#breadcrumb","itemListElement":[{"@type":"ListItem","position":1,"name":"Anasayfa","item":"https:\/\/www.dofaendustri.com\/"},{"@type":"ListItem","position":2,"name":"Kariyer"}]}]}},"_links":{"self":[{"href":"https:\/\/www.dofaendustri.com\/en\/wp-json\/wp\/v2\/pages\/198"}],"collection":[{"href":"https:\/\/www.dofaendustri.com\/en\/wp-json\/wp\/v2\/pages"}],"about":[{"href":"https:\/\/www.dofaendustri.com\/en\/wp-json\/wp\/v2\/types\/page"}],"author":[{"embeddable":true,"href":"https:\/\/www.dofaendustri.com\/en\/wp-json\/wp\/v2\/users\/1"}],"replies":[{"embeddable":true,"href":"https:\/\/www.dofaendustri.com\/en\/wp-json\/wp\/v2\/comments?post=198"}],"version-history":[{"count":1,"href":"https:\/\/www.dofaendustri.com\/en\/wp-json\/wp\/v2\/pages\/198\/revisions"}],"predecessor-version":[{"id":199,"href":"https:\/\/www.dofaendustri.com\/en\/wp-json\/wp\/v2\/pages\/198\/revisions\/199"}],"wp:attachment":[{"href":"https:\/\/www.dofaendustri.com\/en\/wp-json\/wp\/v2\/media?parent=198"}],"curies":[{"name":"wp","href":"https:\/\/api.w.org\/{rel}","templated":true}]}}